{"id":343,"date":"2024-06-25T08:15:42","date_gmt":"2024-06-25T08:15:42","guid":{"rendered":"https:\/\/charter4you.pl\/voucher\/?page_id=343"},"modified":"2024-06-25T08:29:23","modified_gmt":"2024-06-25T08:29:23","slug":"voucher-kwotowy","status":"publish","type":"page","link":"https:\/\/charter4you.pl\/voucher\/voucher-kwotowy\/","title":{"rendered":"Voucher Kwotowy"},"content":{"rendered":"<div class=\"frm_forms  with_frm_style frm_style_formidable-style\" id=\"frm_form_5_container\" data-token=\"f9d1f62c5d1090a964f0056b28ea444c\">\n<form enctype=\"multipart\/form-data\" method=\"post\" class=\"frm-show-form  frm_pro_form \" id=\"form_6bw5q3\"  data-token=\"f9d1f62c5d1090a964f0056b28ea444c\">\n<div class=\"frm_form_fields  frm_page_num_1\">\n<fieldset>\n<legend class=\"frm_screen_reader\">Voucher Kwotowy<\/legend>\r\n\r\n<div class=\"frm_fields_container\">\n<div class=\"frm_rootline_group\" role=\"group\" tabindex=\"0\" aria-label=\"Page 1 of 3\" ><ul class=\"frm_page_bar frm_rootline_3 frm_rootline frm_rootline_line  frm_show_lines frm_show_titles\"><li class=\"frm_rootline_single frm_current_page\"><input type=\"button\" value=\"1\" data-page=\"\" class=\" frm_page_1\" aria-disabled=\"true\" data-field=\"0\" aria-label=\"Wyb\u00f3r vouchera\"  \/><span class=\"frm_rootline_title\">Wyb\u00f3r vouchera<\/span><\/li><li class=\"frm_rootline_single\"><input type=\"button\" value=\"2\" data-page=\"20\" class=\"frm_page_skip frm_page_2\" data-field=\"242\" aria-label=\"Personalizacja\"  \/><span class=\"frm_rootline_title\">Personalizacja<\/span><\/li><li class=\"frm_rootline_single\"><input type=\"button\" value=\"3\" data-page=\"42\" class=\"frm_page_skip frm_page_3\" data-field=\"254\" aria-label=\"Zam\u00f3wienie\"  \/><span class=\"frm_rootline_title\">Zam\u00f3wienie<\/span><\/li><\/ul><div class=\"frm_clearfix\"><\/div><\/div><input type=\"hidden\" name=\"frm_action\" value=\"create\" \/>\n<input type=\"hidden\" name=\"form_id\" value=\"5\" \/>\n<input type=\"hidden\" name=\"frm_hide_fields_5\" id=\"frm_hide_fields_5\" value=\"\" \/>\n<input type=\"hidden\" name=\"form_key\" value=\"6bw5q3\" \/>\n<input type=\"hidden\" name=\"item_meta[0]\" value=\"\" \/>\n<input type=\"hidden\" id=\"frm_submit_entry_5\" name=\"frm_submit_entry_5\" value=\"c6fdcba17a\" \/><input type=\"hidden\" name=\"_wp_http_referer\" value=\"\/voucher\/wp-json\/wp\/v2\/pages\/343\" \/><div id=\"frm_field_224_container\" class=\"frm_form_field  frm12 frm_first frm_html_container form-field\">\n<h1 style=\"text-align: center;\">Voucher Kwotowy<\/h1>\n<p style=\"text-align: center;\">Najlepsza opcja dla niezdecydowanych<\/p>\n<\/div>\n<div id=\"frm_field_229_container\" class=\"frm_form_field form-field  frm_required_field frm_top_container\">\r\n    <label for=\"field_5p1b02\" id=\"field_5p1b02_label\" class=\"frm_primary_label\">Podaj warto\u015b\u0107 vouchera:\r\n        <span class=\"frm_required\" aria-hidden=\"true\">*<\/span>\r\n    <\/label>\r\n    <div class=\"frm_input_group frm_with_boxes  frm_with_pre frm_with_post\"><span class=\"frm_inline_box\">+<\/span><input type=\"number\" id=\"field_5p1b02\" name=\"item_meta[229]\" value=\"500\"  data-frmval=\"500\" data-reqmsg=\"Podaj warto\u015b\u0107 vouchera: cannot be blank.\" aria-required=\"true\" data-invmsg=\"Podaj warto\u015b\u0107 vouchera: is invalid\" aria-invalid=\"false\"   min=\"500\" max=\"9999999\" step=\"100\"\/><span class=\"frm_inline_box\">-<\/span><\/div>\r\n    \r\n    \r\n<\/div>\n<div id=\"frm_field_233_container\" class=\"frm_form_field  frm_html_container form-field\">\n<h2>Wybierz preferowany termin rejsu<\/h2>\n<p>Preferowany termin rejsu nie jest zobowi\u0105zuj\u0105cy, mo\u017cesz go p\u00f3\u017aniej zmieni\u0107 kontaktuj\u0105c si\u0119 z naszym zespo\u0142em.<\/p>\n<p style=\"color: green;\">Voucher na rejs wa\u017cny jest przez 2 lata od daty zakupu.\u2028Rejsy realizowane b\u0119d\u0105 od maja do wrze\u015bnia 2024 roku.<\/div>\n<div id=\"frm_field_234_container\" class=\"frm_form_field form-field  frm_required_field frm_top_container\">\r\n    <label for=\"field_f7l0q2\" id=\"field_f7l0q2_label\" class=\"frm_primary_label\">Wybierz preferowany termin rejsu:\r\n        <span class=\"frm_required\" aria-hidden=\"true\">*<\/span>\r\n    <\/label>\r\n    <input type=\"hidden\" name=\"item_meta[234]\" value=\"\" id=\"field_f7l0q2_alt\"  maxlength=\"10\" data-reqmsg=\"Wybierz preferowany termin rejsu: cannot be blank.\" aria-required=\"true\" data-invmsg=\"Wybierz preferowany termin rejsu: is invalid\" aria-invalid=\"false\"   \/><div id=\"field_f7l0q2\" class=\"frm_date_inline\"><\/div>\r\n    \r\n    \r\n<\/div>\n<div id=\"frm_field_235_container\" class=\"frm_form_field form-field  frm_required_field frm_top_container\">\r\n    <label for=\"field_nuno94\" id=\"field_nuno94_label\" class=\"frm_primary_label\">\r\n        <span class=\"frm_required\" aria-hidden=\"true\">*<\/span>\r\n    <\/label>\r\n    \t\t<select name=\"item_meta[235]\" id=\"field_nuno94\"  data-placeholder=\"Elastyczno\u015b\u0107 terminu rejsu\"  placeholder=\"Elastyczno\u015b\u0107 terminu rejsu\" data-reqmsg=\"This field cannot be blank.\" aria-required=\"true\" data-invmsg=\"This field is invalid\" aria-invalid=\"false\"  >\n\t\t<option  class=\"frm-select-placeholder\" value=\"\" data-placeholder=\"true\">Elastyczno\u015b\u0107 terminu rejsu<\/option><option  value=\"W dniu\">W dniu<\/option><option  value=\"Najbli\u017cszy dzie\u0144\">Najbli\u017cszy dzie\u0144<\/option><option  value=\"Najbli\u017cszy tydzie\u0144\">Najbli\u017cszy tydzie\u0144<\/option><option  value=\"Jeden tydzie\u0144 przed lub po\">Jeden tydzie\u0144 przed lub po<\/option><option  value=\"W danym miesi\u0119cu\">W danym miesi\u0119cu<\/option><option  value=\"Skontaktuj\u0119 si\u0119 by ustali\u0107\u00a0dok\u0142adny termin\">Skontaktuj\u0119 si\u0119 by ustali\u0107\u00a0dok\u0142adny termin<\/option>\t<\/select>\n\t\r\n    \r\n    \r\n<\/div>\n<div id=\"frm_field_236_container\" class=\"frm_form_field form-field  frm_top_container vertical_radio\">\r\n    <div  id=\"field_t8n2a2_label\" class=\"frm_primary_label\">Dodatkowe opcje:\r\n        <span class=\"frm_required\" aria-hidden=\"true\"><\/span>\r\n    <\/div>\r\n    <div class=\"frm_opt_container\" aria-labelledby=\"field_t8n2a2_label\" role=\"group\">\t\t<div class=\"frm_checkbox\" id=\"frm_checkbox_236-0\"><label for=\"field_t8n2a2-0\"><input type=\"checkbox\" name=\"item_meta[236][]\" id=\"field_t8n2a2-0\" value=\"Pakiet gastronomiczny: do uzgodnienia\"  data-invmsg=\"Dodatkowe opcje: is invalid\" aria-invalid=\"false\"   \/> Pakiet gastronomiczny: do uzgodnienia<\/label><\/div>\n\t\t<div class=\"frm_checkbox\" id=\"frm_checkbox_236-1\"><label for=\"field_t8n2a2-1\"><input type=\"checkbox\" name=\"item_meta[236][]\" id=\"field_t8n2a2-1\" value=\"Bukiet r\u00f3\u017c: do uzgodnienia\"  data-invmsg=\"Dodatkowe opcje: is invalid\" aria-invalid=\"false\"   \/> Bukiet r\u00f3\u017c: do uzgodnienia<\/label><\/div>\n<\/div>\r\n    \r\n    \r\n<\/div>\n<div id=\"frm_field_237_container\" class=\"frm_form_field form-field  frm_top_container vertical_radio\">\r\n    <div  id=\"field_mnrju2_label\" class=\"frm_primary_label\">Cena zawiera:\r\n        <span class=\"frm_required\" aria-hidden=\"true\"><\/span>\r\n    <\/div>\r\n    <div class=\"frm_opt_container\" aria-labelledby=\"field_mnrju2_label\" role=\"group\">\t\t<div class=\"frm_checkbox\" id=\"frm_checkbox_237-5\"><label for=\"field_mnrju2-5\"><input type=\"checkbox\" name=\"item_meta[237][]\" id=\"field_mnrju2-5\" value=\"Lampka wina: Prosecco w cenie\" checked=\"checked\"  data-frmval=\"{&quot;5&quot;:&quot;Lampka wina: Prosecco w cenie&quot;,&quot;6&quot;:&quot;Ubezpieczenie OC, Casco, NNW&quot;,&quot;7&quot;:&quot;Upominek&quot;}\" data-invmsg=\"Cena zawiera: is invalid\" aria-invalid=\"false\"   \/> Lampka wina: Prosecco w cenie<\/label><\/div>\n\t\t<div class=\"frm_checkbox\" id=\"frm_checkbox_237-6\"><label for=\"field_mnrju2-6\"><input type=\"checkbox\" name=\"item_meta[237][]\" id=\"field_mnrju2-6\" value=\"Ubezpieczenie OC, Casco, NNW\" checked=\"checked\"  data-frmval=\"{&quot;5&quot;:&quot;Lampka wina: Prosecco w cenie&quot;,&quot;6&quot;:&quot;Ubezpieczenie OC, Casco, NNW&quot;,&quot;7&quot;:&quot;Upominek&quot;}\" data-invmsg=\"Cena zawiera: is invalid\" aria-invalid=\"false\"   \/> Ubezpieczenie OC, Casco, NNW<\/label><\/div>\n\t\t<div class=\"frm_checkbox\" id=\"frm_checkbox_237-7\"><label for=\"field_mnrju2-7\"><input type=\"checkbox\" name=\"item_meta[237][]\" id=\"field_mnrju2-7\" value=\"Upominek\" checked=\"checked\"  data-frmval=\"{&quot;5&quot;:&quot;Lampka wina: Prosecco w cenie&quot;,&quot;6&quot;:&quot;Ubezpieczenie OC, Casco, NNW&quot;,&quot;7&quot;:&quot;Upominek&quot;}\" data-invmsg=\"Cena zawiera: is invalid\" aria-invalid=\"false\"   \/> Upominek<\/label><\/div>\n<\/div>\r\n    \r\n    \r\n<\/div>\n<div id=\"frm_field_250_container\" class=\"frm_form_field form-field  frm_top_container\">\r\n\t<label for=\"field_u9x5l2\" id=\"field_u9x5l2_label\" class=\"frm_primary_label\">Warto\u015b\u0107 vouchera\r\n\t\t<span class=\"frm_required\" aria-hidden=\"true\"><\/span>\r\n\t<\/label>\r\n\t<p class=\"frm_total_formatted\" data-prepend=\"\" data-append=\"\"><\/p><div class=\"frm_input_group frm_with_box frm_hidden\"><input type=\"number\" id=\"field_u9x5l2\" name=\"item_meta[250]\" value=\"\"  readonly=\"readonly\"  data-invmsg=\"Warto\u015b\u0107 vouchera is invalid\" aria-invalid=\"false\"   min=\"500\" max=\"9999999\" step=\"100\"\/><\/div>\r\n\t\r\n\t\r\n<\/div>\n<input type=\"hidden\" name=\"frm_page_order_5\" id=\"frm_page_order_5\" value=\"20\" \/><input type=\"hidden\" name=\"item_meta[244]\" id=\"field_2gteg2-0\" value=\"\"     \/>\n<input type=\"hidden\" name=\"item_meta[245]\" id=\"field_gltoq4-0\" value=\"\"     \/>\n<input type=\"hidden\" name=\"item_meta[247]\" id=\"field_irshm4\" value=\"\"     \/>\n<input type=\"hidden\" name=\"item_meta[248]\" id=\"field_64kcq4\" value=\"\"     \/>\n<input type=\"hidden\" name=\"item_meta[249]\" id=\"field_mmr0n4\" value=\"\"     \/>\n<input type=\"hidden\" name=\"item_meta[251]\" id=\"field_ajtew2\" value=\"\"     \/>\n<input type=\"hidden\" name=\"item_meta[254]\" id=\"field_seuvt4\" value=\"\"     \/>\n<input type=\"hidden\" name=\"item_meta[256]\" id=\"field_97yh84\" value=\"\"     \/>\n<input type=\"hidden\" name=\"item_meta[257]\" id=\"field_qxzxh4\" value=\"\"     \/>\n<input type=\"hidden\" name=\"item_meta[258]\" id=\"field_l9j0k4\" value=\"\"     \/>\n<input type=\"hidden\" name=\"item_meta[259]\" id=\"field_vu0e02\" value=\"\"     \/>\n<input type=\"hidden\" name=\"item_meta[260]\" id=\"field_ns6h04\" value=\"\"     \/>\n<input type=\"hidden\" name=\"item_meta[261]\" id=\"field_hxvi14\" value=\"\"     \/>\n<input type=\"hidden\" name=\"item_meta[262]\" id=\"field_oqgzi4\" value=\"\"  data-placeholder=\"Wybierz Operatora\"     \/>\n<input type=\"hidden\" name=\"item_meta[263]\" id=\"field_uzcdq4\" value=\"\"     \/>\n<input type=\"hidden\" name=\"item_meta[264]\" id=\"field_71c854\" value=\"\"     \/>\n<input type=\"hidden\" name=\"item_meta[265]\" id=\"field_pmskj4\" value=\"\" autocomplete=\"email\"    \/>\n<input type=\"hidden\" name=\"item_meta[266]\" id=\"field_f7pfc4\" value=\"\"     \/>\n<input type=\"hidden\" name=\"item_meta[267]\" id=\"field_71y0i4-0\" value=\"\"     \/>\n<input type=\"hidden\" name=\"item_meta[268]\" id=\"field_4zmg34\" value=\"\"     \/>\n<input type=\"hidden\" name=\"item_meta[269]\" id=\"field_6pvze4\" value=\"\"     \/>\n<input type=\"hidden\" name=\"item_meta[270]\" id=\"field_54440a4\" value=\"\"     \/>\n<input type=\"hidden\" name=\"item_meta[271]\" id=\"field_su9k64\" value=\"\"     \/>\n<input type=\"hidden\" name=\"item_meta[272]\" id=\"field_ffm9a4\" value=\"\"     \/>\n<input type=\"hidden\" name=\"item_meta[275]\" id=\"field_wscxe2\" value=\"\"     \/>\n<input type=\"hidden\" name=\"item_meta[277]\" id=\"field_nprkl2\" value=\"\"     \/>\n\t<input type=\"hidden\" name=\"item_key\" value=\"\" \/>\n\t\t\t\t<div class=\"frm__65f942e7684da\">\n\t\t\t\t<label for=\"frm_email_5\" >\n\t\t\t\t\tIf you are human, leave this field blank.\t\t\t\t<\/label>\n\t\t\t\t<input  id=\"frm_email_5\" type=\"text\" class=\"frm_verify\" name=\"frm__65f942e7684da\" value=\"\" autocomplete=\"off\"  \/>\n\t\t\t<\/div>\n\t\t<input name=\"frm_state\" type=\"hidden\" value=\"hRF55dIX\/Fd372gFWSvWuk3oHv1XX+NkYhLLVM14nFA=\" \/><div class=\"frm_submit frm_flex\">\r\n<button class=\"frm_button_submit\" type=\"submit\"  >Nast\u0119pny krok: PERSONALIZACJA VOUCHERA<\/button>\r\n\r\n\r\n\r\n<\/div><\/div>\n<\/fieldset>\n<\/div>\n<\/form>\n<\/div>\n\n","protected":false},"excerpt":{"rendered":"","protected":false},"author":1,"featured_media":0,"parent":0,"menu_order":0,"comment_status":"closed","ping_status":"closed","template":"","meta":{"_acf_changed":false,"footnotes":""},"class_list":["post-343","page","type-page","status-publish","hentry"],"acf":[],"_links":{"self":[{"href":"https:\/\/charter4you.pl\/voucher\/wp-json\/wp\/v2\/pages\/343","targetHints":{"allow":["GET"]}}],"collection":[{"href":"https:\/\/charter4you.pl\/voucher\/wp-json\/wp\/v2\/pages"}],"about":[{"href":"https:\/\/charter4you.pl\/voucher\/wp-json\/wp\/v2\/types\/page"}],"author":[{"embeddable":true,"href":"https:\/\/charter4you.pl\/voucher\/wp-json\/wp\/v2\/users\/1"}],"replies":[{"embeddable":true,"href":"https:\/\/charter4you.pl\/voucher\/wp-json\/wp\/v2\/comments?post=343"}],"version-history":[{"count":2,"href":"https:\/\/charter4you.pl\/voucher\/wp-json\/wp\/v2\/pages\/343\/revisions"}],"predecessor-version":[{"id":347,"href":"https:\/\/charter4you.pl\/voucher\/wp-json\/wp\/v2\/pages\/343\/revisions\/347"}],"wp:attachment":[{"href":"https:\/\/charter4you.pl\/voucher\/wp-json\/wp\/v2\/media?parent=343"}],"curies":[{"name":"wp","href":"https:\/\/api.w.org\/{rel}","templated":true}]}}