{"id":268,"date":"2024-04-24T07:09:16","date_gmt":"2024-04-24T07:09:16","guid":{"rendered":"https:\/\/charter4you.pl\/voucher\/?page_id=268"},"modified":"2024-04-24T07:17:45","modified_gmt":"2024-04-24T07:17:45","slug":"yacht-charter","status":"publish","type":"page","link":"https:\/\/charter4you.pl\/voucher\/yacht-charter\/","title":{"rendered":"Yacht Charter"},"content":{"rendered":"<div class=\"frm_forms  with_frm_style frm_style_formidable-style\" id=\"frm_form_4_container\" data-token=\"f9d1f62c5d1090a964f0056b28ea444c\">\n<form enctype=\"multipart\/form-data\" method=\"post\" class=\"frm-show-form  frm_pro_form \" id=\"form_6bw5q22\"  data-token=\"f9d1f62c5d1090a964f0056b28ea444c\">\n<div class=\"frm_form_fields  frm_page_num_1\">\n<fieldset>\n<legend class=\"frm_screen_reader\">Yacht Charter<\/legend>\r\n\r\n<div class=\"frm_fields_container\">\n<div class=\"frm_rootline_group\" role=\"group\" tabindex=\"0\" aria-label=\"Page 1 of 3\" ><ul class=\"frm_page_bar frm_rootline_3 frm_rootline frm_rootline_line  frm_show_lines frm_show_titles\"><li class=\"frm_rootline_single frm_current_page\"><input type=\"button\" value=\"1\" data-page=\"\" class=\" frm_page_1\" aria-disabled=\"true\" data-field=\"0\" aria-label=\"Wyb\u00f3r vouchera\"  \/><span class=\"frm_rootline_title\">Wyb\u00f3r vouchera<\/span><\/li><li class=\"frm_rootline_single\"><input type=\"button\" value=\"2\" data-page=\"30\" class=\"frm_page_skip frm_page_2\" data-field=\"108\" aria-label=\"Personalizacja\"  \/><span class=\"frm_rootline_title\">Personalizacja<\/span><\/li><li class=\"frm_rootline_single\"><input type=\"button\" value=\"3\" data-page=\"48\" class=\"frm_page_skip frm_page_3\" data-field=\"116\" aria-label=\"Zam\u00f3wienie\"  \/><span class=\"frm_rootline_title\">Zam\u00f3wienie<\/span><\/li><\/ul><div class=\"frm_clearfix\"><\/div><\/div><input type=\"hidden\" name=\"frm_action\" value=\"create\" \/>\n<input type=\"hidden\" name=\"form_id\" value=\"4\" \/>\n<input type=\"hidden\" name=\"frm_hide_fields_4\" id=\"frm_hide_fields_4\" value=\"\" \/>\n<input type=\"hidden\" name=\"form_key\" value=\"6bw5q22\" \/>\n<input type=\"hidden\" name=\"item_meta[0]\" value=\"\" \/>\n<input type=\"hidden\" id=\"frm_submit_entry_4\" name=\"frm_submit_entry_4\" value=\"c6fdcba17a\" \/><input type=\"hidden\" name=\"_wp_http_referer\" value=\"\/voucher\/wp-json\/wp\/v2\/pages\/268\" \/><div id=\"frm_field_100_container\" class=\"frm_form_field  frm12 frm_first frm_html_container form-field\">\n<h1 style=\"text-align: center;\" data-mce-style=\"text-align: center;\">Voucher na charter jachtu<\/h1>\n<p style=\"text-align: center;\" data-mce-style=\"text-align: center;\">Dostosuj opcje charteru jachtu na wypraw\u0119 do swoich preferencji<\/p>\n<\/div>\n<div id=\"frm_field_101_container\" class=\"frm_form_field form-field  frm_required_field frm_top_container frm_four_col\">\r\n    <div  id=\"field_c7r3x3_label\" class=\"frm_primary_label\">Wybierz warto\u015b\u0107 vouchera    RABAT do 25%\r\n        <span class=\"frm_required\" aria-hidden=\"true\">*<\/span>\r\n    <\/div>\r\n    <div class=\"frm_opt_container\" aria-labelledby=\"field_c7r3x3_label\" role=\"radiogroup\" aria-required=\"true\">\t\t<div class=\"frm_radio\" id=\"frm_radio_101-0\"><label for=\"field_c7r3x3-0\">\t\t<input type=\"radio\" name=\"item_meta[101]\" id=\"field_c7r3x3-0\" value=\"900\"\n\t\t   data-reqmsg=\"Wybierz warto\u015b\u0107 vouchera    RABAT do 25% cannot be blank.\" data-invmsg=\"Wybierz warto\u015b\u0107 vouchera    RABAT do 25% is invalid\" aria-invalid=\"false\"  \/> 900 z\u0142<\/label><\/div>\n\t\t<div class=\"frm_radio\" id=\"frm_radio_101-1\"><label for=\"field_c7r3x3-1\">\t\t<input type=\"radio\" name=\"item_meta[101]\" id=\"field_c7r3x3-1\" value=\"1750\"\n\t\t   data-reqmsg=\"Wybierz warto\u015b\u0107 vouchera    RABAT do 25% cannot be blank.\" data-invmsg=\"Wybierz warto\u015b\u0107 vouchera    RABAT do 25% is invalid\" aria-invalid=\"false\"  \/> 1750 z\u0142<\/label><\/div>\n\t\t<div class=\"frm_radio\" id=\"frm_radio_101-2\"><label for=\"field_c7r3x3-2\">\t\t<input type=\"radio\" name=\"item_meta[101]\" id=\"field_c7r3x3-2\" value=\"4000\"\n\t\t   data-reqmsg=\"Wybierz warto\u015b\u0107 vouchera    RABAT do 25% cannot be blank.\" data-invmsg=\"Wybierz warto\u015b\u0107 vouchera    RABAT do 25% is invalid\" aria-invalid=\"false\"  \/> 4000 z\u0142<\/label><\/div>\n\t\t<div class=\"frm_radio\" id=\"frm_radio_101-3\"><label for=\"field_c7r3x3-3\">\t\t<input type=\"radio\" name=\"item_meta[101]\" id=\"field_c7r3x3-3\" value=\"7500\"\n\t\t   data-reqmsg=\"Wybierz warto\u015b\u0107 vouchera    RABAT do 25% cannot be blank.\" data-invmsg=\"Wybierz warto\u015b\u0107 vouchera    RABAT do 25% is invalid\" aria-invalid=\"false\"  \/> 7500<\/label><\/div>\n<\/div>\r\n    \r\n    \r\n<\/div>\n<div id=\"frm_field_102_container\" class=\"frm_form_field form-field  frm_required_field frm_top_container\">\r\n    <label for=\"field_5p1b03\" id=\"field_5p1b03_label\" class=\"frm_primary_label\">Poinformuj nas ile os\u00f3b we\u017amie udzia\u0142 w rejsie\r\n        <span class=\"frm_required\" aria-hidden=\"true\">*<\/span>\r\n    <\/label>\r\n    <div class=\"frm_input_group frm_with_boxes  frm_with_pre frm_with_post\"><span class=\"frm_inline_box\">+<\/span><input type=\"number\" id=\"field_5p1b03\" name=\"item_meta[102]\" value=\"1\"  data-frmval=\"1\" data-reqmsg=\"Poinformuj nas ile os\u00f3b we\u017amie udzia\u0142 w rejsie cannot be blank.\" aria-required=\"true\" data-invmsg=\"Poinformuj nas ile os\u00f3b we\u017amie udzia\u0142 w rejsie is invalid\" aria-invalid=\"false\"   min=\"1\" max=\"9999999\" step=\"1\"\/><span class=\"frm_inline_box\">-<\/span><\/div>\r\n    \r\n    \r\n<\/div>\n<div id=\"frm_field_199_container\" class=\"frm_form_field form-field  frm_required_field frm_top_container\">\r\n    <label for=\"field_ozzcz\" id=\"field_ozzcz_label\" class=\"frm_primary_label\">Liczba dni charteru\r\n        <span class=\"frm_required\" aria-hidden=\"true\">*<\/span>\r\n    <\/label>\r\n    <div class=\"frm_input_group frm_with_boxes  frm_with_pre frm_with_post\"><span class=\"frm_inline_box\">+<\/span><input type=\"number\" id=\"field_ozzcz\" name=\"item_meta[199]\" value=\"1\"  data-frmval=\"1\" data-reqmsg=\"Liczba dni charteru cannot be blank.\" aria-required=\"true\" data-invmsg=\"Liczba dni charteru is invalid\" aria-invalid=\"false\"   min=\"1\" max=\"9999999\" step=\"1\"\/><span class=\"frm_inline_box\">-<\/span><\/div>\r\n    \r\n    \r\n<\/div>\n<div id=\"frm_field_135_container\" class=\"frm_form_field form-field  frm_required_field frm_top_container vertical_radio\">\r\n    <div  id=\"field_8vh5j_label\" class=\"frm_primary_label\">Wybierz jacht\r\n        <span class=\"frm_required\" aria-hidden=\"true\">*<\/span>\r\n    <\/div>\r\n    <div class=\"frm_opt_container\" aria-labelledby=\"field_8vh5j_label\" role=\"radiogroup\" aria-required=\"true\">\t\t<div class=\"frm_radio\" id=\"frm_radio_135-0\"><label for=\"field_8vh5j-0\">\t\t<input type=\"radio\" name=\"item_meta[135]\" id=\"field_8vh5j-0\" value=\"Beneteau \u2014 Cyclades 50.5 (do 13 os\u00f3b)\"\n\t\t   data-reqmsg=\"Wybierz jacht cannot be blank.\" data-invmsg=\"Wybierz jacht is invalid\" aria-invalid=\"false\"  \/> Beneteau \u2014 Cyclades 50.5 (do 13 os\u00f3b)<\/label><\/div>\n\t\t<div class=\"frm_radio\" id=\"frm_radio_135-1\"><label for=\"field_8vh5j-1\">\t\t<input type=\"radio\" name=\"item_meta[135]\" id=\"field_8vh5j-1\" value=\"Cobra 41 \u2013 Wind Thief (do 10 os\u00f3b)\"\n\t\t   data-reqmsg=\"Wybierz jacht cannot be blank.\" data-invmsg=\"Wybierz jacht is invalid\" aria-invalid=\"false\"  \/> Cobra 41 \u2013 Wind Thief (do 10 os\u00f3b)<\/label><\/div>\n\t\t<div class=\"frm_radio\" id=\"frm_radio_135-2\"><label for=\"field_8vh5j-2\">\t\t<input type=\"radio\" name=\"item_meta[135]\" id=\"field_8vh5j-2\" value=\"Beneteau Oceanis 34 \u2013 Sun Thief (do 8 os\u00f3b)\"\n\t\t   data-reqmsg=\"Wybierz jacht cannot be blank.\" data-invmsg=\"Wybierz jacht is invalid\" aria-invalid=\"false\"  \/> Beneteau Oceanis 34 \u2013 Sun Thief (do 8 os\u00f3b)<\/label><\/div>\n<\/div>\r\n    \r\n    \r\n<\/div>\n<div id=\"frm_field_103_container\" class=\"frm_form_field form-field  frm_required_field frm_top_container\">\r\n    <label for=\"field_rbckn3\" id=\"field_rbckn3_label\" class=\"frm_primary_label\">Przyk\u0142adowe, proponowane trasy rejsu:\r\n        <span class=\"frm_required\" aria-hidden=\"true\">*<\/span>\r\n    <\/label>\r\n    \t\t<select name=\"item_meta[103]\" id=\"field_rbckn3\"  data-placeholder=\"Wybierz tras\u0119 rejsu\"  data-frmval=\"Wybierz tras\u0119 rejsu\" data-frmplaceholder=\"Wybierz tras\u0119 rejsu\" placeholder=\"Wybierz tras\u0119 rejsu\" data-reqmsg=\"Przyk\u0142adowe, proponowane trasy rejsu: cannot be blank.\" aria-required=\"true\" data-invmsg=\"Przyk\u0142adowe, proponowane trasy rejsu: is invalid\" aria-invalid=\"false\"  >\n\t\t<option  class=\"frm-select-placeholder\" value=\"\" data-placeholder=\"true\">Wybierz tras\u0119 rejsu<\/option><option  value=\"Rejs indywidualny \/ event \/ po Zatoce Gda\u0144skiej\">Rejs indywidualny \/ event \/ po Zatoce Gda\u0144skiej<\/option><option  value=\"Gdynia &gt; Borholm &gt; Gdynia\">Gdynia &gt; Borholm &gt; Gdynia<\/option><option  value=\"Gdynia &gt; Borholm &gt; Gdynia\">Gdynia &gt; Borholm &gt; Gdynia<\/option><option  value=\"Gdynia &gt; Olandia &gt; Gdynia\">Gdynia &gt; Olandia &gt; Gdynia<\/option><option  value=\"Gdynia &gt; Karlskrona &gt; Gdynia\">Gdynia &gt; Karlskrona &gt; Gdynia<\/option><option  value=\"Gdynia &gt; Klaip\u0117da &gt; Gdynia\">Gdynia &gt; Klaip\u0117da &gt; Gdynia<\/option><option  value=\"Gdynia &gt; Kalmar &gt; Gdynia\">Gdynia &gt; Kalmar &gt; Gdynia<\/option>\t<\/select>\n\t\r\n    \r\n    \r\n<\/div>\n<div id=\"frm_field_104_container\" class=\"frm_form_field  frm_html_container form-field\">\n<h2>Wybierz preferowany termin rejsu<\/h2>\n<p>Preferowany termin rejsu nie jest zobowi\u0105zuj\u0105cy, mo\u017cesz go p\u00f3\u017aniej zmieni\u0107 kontaktuj\u0105c si\u0119 z naszym zespo\u0142em.<\/p>\n<p style=\"color: green;\" data-mce-style=\"color: green;\">Voucher na rejs wa\u017cny jest przez 2 lata od daty zakupu.\u2028Rejsy realizowane b\u0119d\u0105 od maja do wrze\u015bnia 2024 roku.<\/p>\n<\/div>\n<div id=\"frm_field_105_container\" class=\"frm_form_field form-field  frm_required_field frm_top_container\">\r\n    <label for=\"field_f7l0q3\" id=\"field_f7l0q3_label\" class=\"frm_primary_label\">Wybierz preferowany termin rejsu\r\n        <span class=\"frm_required\" aria-hidden=\"true\">*<\/span>\r\n    <\/label>\r\n    <input type=\"hidden\" name=\"item_meta[105]\" value=\"\" id=\"field_f7l0q3_alt\"  maxlength=\"10\" data-reqmsg=\"Wybierz preferowany termin rejsu cannot be blank.\" aria-required=\"true\" data-invmsg=\"Wybierz preferowany termin rejsu is invalid\" aria-invalid=\"false\"   \/><div id=\"field_f7l0q3\" class=\"frm_date_inline\"><\/div>\r\n    \r\n    \r\n<\/div>\n<div id=\"frm_field_106_container\" class=\"frm_form_field form-field  frm_required_field frm_top_container\">\r\n    <label for=\"field_nuno93\" id=\"field_nuno93_label\" class=\"frm_primary_label\">\r\n        <span class=\"frm_required\" aria-hidden=\"true\">*<\/span>\r\n    <\/label>\r\n    \t\t<select name=\"item_meta[106]\" id=\"field_nuno93\"  data-placeholder=\"Elastyczno\u015b\u0107 terminu rejsu\"  placeholder=\"Elastyczno\u015b\u0107 terminu rejsu\" data-reqmsg=\"This field cannot be blank.\" aria-required=\"true\" data-invmsg=\"This field is invalid\" aria-invalid=\"false\"  >\n\t\t<option  class=\"frm-select-placeholder\" value=\"\" data-placeholder=\"true\">Elastyczno\u015b\u0107 terminu rejsu<\/option><option  value=\"W dniu\">W dniu<\/option><option  value=\"Najbli\u017cszy dzie\u0144\">Najbli\u017cszy dzie\u0144<\/option><option  value=\"Najbli\u017cszy tydzie\u0144\">Najbli\u017cszy tydzie\u0144<\/option><option  value=\"Jeden tydzie\u0144 przed lub po\">Jeden tydzie\u0144 przed lub po<\/option><option  value=\"W danym miesi\u0119cu\">W danym miesi\u0119cu<\/option><option  value=\"Skontaktuj\u0119 si\u0119 by ustali\u0107\u00a0dok\u0142adny termin\">Skontaktuj\u0119 si\u0119 by ustali\u0107\u00a0dok\u0142adny termin<\/option>\t<\/select>\n\t\r\n    \r\n    \r\n<\/div>\n<div id=\"frm_field_222_container\" class=\"frm_form_field form-field  frm_top_container vertical_radio frm_other_container\">\r\n    <div  id=\"field_7i2m1_label\" class=\"frm_primary_label\">Dodatkowe opcje:\r\n        <span class=\"frm_required\" aria-hidden=\"true\"><\/span>\r\n    <\/div>\r\n    <div class=\"frm_opt_container\" aria-labelledby=\"field_7i2m1_label\" role=\"group\">\t\t<div class=\"frm_checkbox\" id=\"frm_checkbox_222-0\"><label for=\"field_7i2m1-0\"><input type=\"checkbox\" name=\"item_meta[222][]\" id=\"field_7i2m1-0\" value=\"Wynaj\u0119cie sternika 450 z\u0142 \/ doba\"  data-invmsg=\"Dodatkowe opcje: is invalid\" aria-invalid=\"false\"   \/> Wynaj\u0119cie sternika 450 z\u0142 \/ doba<\/label><\/div>\n\t\t<div class=\"frm_checkbox\" id=\"frm_checkbox_222-1\"><label for=\"field_7i2m1-1\"><input type=\"checkbox\" name=\"item_meta[222][]\" id=\"field_7i2m1-1\" value=\"- Sternik jest ubezpieczony.\"  data-invmsg=\"Dodatkowe opcje: is invalid\" aria-invalid=\"false\"   \/> - Sternik jest ubezpieczony.<\/label><\/div>\n\t\t<div class=\"frm_checkbox\" id=\"frm_checkbox_222-other_2\"><label for=\"field_7i2m1-other_2\"><input type=\"checkbox\" name=\"item_meta[222][other_2]\" id=\"field_7i2m1-other_2\" value=\"- Uczestnik jest zwolniony z op\u0142aty kaucji gwarancyjnej\"  data-invmsg=\"Dodatkowe opcje: is invalid\" aria-invalid=\"false\"   \/> - Uczestnik jest zwolniony z op\u0142aty kaucji gwarancyjnej<\/label><label for=\"field_7i2m1-other_2-otext\" class=\"frm_screen_reader frm_hidden\">- Uczestnik jest zwolniony z op\u0142aty kaucji gwarancyjnej<\/label><input type=\"text\" id=\"field_7i2m1-other_2-otext\" class=\"frm_other_input frm_pos_none\"  name=\"item_meta[other][222][other_2]\" value=\"\" \/><\/div>\n<\/div>\r\n    \r\n    \r\n<\/div>\n<div id=\"frm_field_219_container\" class=\"frm_form_field form-field  frm_top_container vertical_radio\">\r\n    <div  id=\"field_7fbxe_label\" class=\"frm_primary_label\">Cena zawiera:\r\n        <span class=\"frm_required\" aria-hidden=\"true\"><\/span>\r\n    <\/div>\r\n    <div class=\"frm_opt_container\" aria-labelledby=\"field_7fbxe_label\" role=\"group\">\t\t<div class=\"frm_checkbox\" id=\"frm_checkbox_219-0\"><label for=\"field_7fbxe-0\"><input type=\"checkbox\" name=\"item_meta[219][]\" id=\"field_7fbxe-0\" value=\"Ubezpieczenie OA, AC, NNW uczestnika\" checked=\"checked\"  data-frmval=\"[&quot;Ubezpieczenie OA, AC, NNW uczestnika&quot;,&quot;Upominek&quot;]\" data-invmsg=\"Cena zawiera: is invalid\" aria-invalid=\"false\"   \/> Ubezpieczenie OA, AC, NNW uczestnika<\/label><\/div>\n\t\t<div class=\"frm_checkbox\" id=\"frm_checkbox_219-1\"><label for=\"field_7fbxe-1\"><input type=\"checkbox\" name=\"item_meta[219][]\" id=\"field_7fbxe-1\" value=\"Upominek\" checked=\"checked\"  data-frmval=\"[&quot;Ubezpieczenie OA, AC, NNW uczestnika&quot;,&quot;Upominek&quot;]\" data-invmsg=\"Cena zawiera: is invalid\" aria-invalid=\"false\"   \/> Upominek<\/label><\/div>\n<\/div>\r\n    \r\n    \r\n<\/div>\n<div id=\"frm_field_137_container\" class=\"frm_form_field  frm_html_container form-field\">Pozosta\u0142e opcje i op\u0142aty b\u0119d\u0105 mo\u017cliwe do ustalenia \u2028w momencie charteru jachtu.<\/div>\n<div id=\"frm_field_198_container\" class=\"frm_form_field form-field  frm_top_container\">\r\n\t<label for=\"field_mtqax\" id=\"field_mtqax_label\" class=\"frm_primary_label\">Warto\u015b\u0107 vouchera\r\n\t\t<span class=\"frm_required\" aria-hidden=\"true\"><\/span>\r\n\t<\/label>\r\n\t<p class=\"frm_total_formatted\" data-prepend=\"\" data-append=\"\"><\/p><div class=\"frm_input_group frm_with_box frm_hidden\"><input type=\"number\" id=\"field_mtqax\" name=\"item_meta[198]\" value=\"\"  readonly=\"readonly\"  data-invmsg=\"Warto\u015b\u0107 vouchera is invalid\" aria-invalid=\"false\"   min=\"0\" max=\"9999999\" step=\"any\"\/><\/div>\r\n\t\r\n\t\r\n<\/div>\n<input type=\"hidden\" name=\"frm_page_order_4\" id=\"frm_page_order_4\" value=\"30\" \/><input type=\"hidden\" name=\"item_meta[110]\" id=\"field_nvfk43-0\" value=\"\"     \/>\n<input type=\"hidden\" name=\"item_meta[111]\" id=\"field_gltoq3-0\" value=\"\"     \/>\n<input type=\"hidden\" name=\"item_meta[113]\" id=\"field_irshm3\" value=\"\"     \/>\n<input type=\"hidden\" name=\"item_meta[114]\" id=\"field_64kcq3\" value=\"\"     \/>\n<input type=\"hidden\" name=\"item_meta[115]\" id=\"field_mmr0n3\" value=\"\"     \/>\n<input type=\"hidden\" name=\"item_meta[197]\" id=\"field_t3aiw\" value=\"\"     \/>\n<input type=\"hidden\" name=\"item_meta[116]\" id=\"field_seuvt3\" value=\"\"     \/>\n<input type=\"hidden\" name=\"item_meta[118]\" id=\"field_97yh83\" value=\"\"     \/>\n<input type=\"hidden\" name=\"item_meta[119]\" id=\"field_qxzxh3\" value=\"\"     \/>\n<input type=\"hidden\" name=\"item_meta[120]\" id=\"field_l9j0k3\" value=\"\"     \/>\n<input type=\"hidden\" name=\"item_meta[121]\" id=\"field_onbj3\" value=\"\"     \/>\n<input type=\"hidden\" name=\"item_meta[122]\" id=\"field_ns6h03\" value=\"\"     \/>\n<input type=\"hidden\" name=\"item_meta[123]\" id=\"field_hxvi13\" value=\"\"     \/>\n<input type=\"hidden\" name=\"item_meta[124]\" id=\"field_oqgzi3\" value=\"\"  data-placeholder=\"Wybierz Operatora\"     \/>\n<input type=\"hidden\" name=\"item_meta[125]\" id=\"field_uzcdq3\" value=\"\"     \/>\n<input type=\"hidden\" name=\"item_meta[126]\" id=\"field_71c853\" value=\"\"     \/>\n<input type=\"hidden\" name=\"item_meta[127]\" id=\"field_pmskj3\" value=\"\" autocomplete=\"email\"    \/>\n<input type=\"hidden\" name=\"item_meta[128]\" id=\"field_f7pfc3\" value=\"\"     \/>\n<input type=\"hidden\" name=\"item_meta[129]\" id=\"field_71y0i3-0\" value=\"\"     \/>\n<input type=\"hidden\" name=\"item_meta[130]\" id=\"field_4zmg33\" value=\"\"     \/>\n<input type=\"hidden\" name=\"item_meta[131]\" id=\"field_6pvze3\" value=\"\"     \/>\n<input type=\"hidden\" name=\"item_meta[132]\" id=\"field_54440a3\" value=\"\"     \/>\n<input type=\"hidden\" name=\"item_meta[133]\" id=\"field_su9k63\" value=\"\"     \/>\n<input type=\"hidden\" name=\"item_meta[134]\" id=\"field_ffm9a3\" value=\"\"     \/>\n<input type=\"hidden\" name=\"item_meta[143]\" id=\"field_tm8fo\" value=\"\"     \/>\n<input type=\"hidden\" name=\"item_meta[196]\" id=\"field_7ttis\" value=\"\"     \/>\n\t<input type=\"hidden\" name=\"item_key\" value=\"\" \/>\n\t\t\t\t<div class=\"frm__65f942e7684da\">\n\t\t\t\t<label for=\"frm_email_4\" >\n\t\t\t\t\tIf you are human, leave this field blank.\t\t\t\t<\/label>\n\t\t\t\t<input  id=\"frm_email_4\" type=\"text\" class=\"frm_verify\" name=\"frm__65f942e7684da\" value=\"\" autocomplete=\"off\"  \/>\n\t\t\t<\/div>\n\t\t<input name=\"frm_state\" type=\"hidden\" value=\"hRF55dIX\/Fd372gFWSvWuvsT5oJKvdWy4wpGgyo4lCY=\" \/><div class=\"frm_submit frm_flex\">\r\n<button class=\"frm_button_submit\" type=\"submit\"  >Nast\u0119pny krok: PERSONALIZACJA VOUCHERA<\/button>\r\n\r\n\r\n\r\n<\/div><\/div>\n<\/fieldset>\n<\/div>\n<\/form>\n<\/div>\n\n","protected":false},"excerpt":{"rendered":"","protected":false},"author":1,"featured_media":0,"parent":0,"menu_order":0,"comment_status":"closed","ping_status":"closed","template":"","meta":{"_acf_changed":false,"footnotes":""},"class_list":["post-268","page","type-page","status-publish","hentry"],"acf":[],"_links":{"self":[{"href":"https:\/\/charter4you.pl\/voucher\/wp-json\/wp\/v2\/pages\/268","targetHints":{"allow":["GET"]}}],"collection":[{"href":"https:\/\/charter4you.pl\/voucher\/wp-json\/wp\/v2\/pages"}],"about":[{"href":"https:\/\/charter4you.pl\/voucher\/wp-json\/wp\/v2\/types\/page"}],"author":[{"embeddable":true,"href":"https:\/\/charter4you.pl\/voucher\/wp-json\/wp\/v2\/users\/1"}],"replies":[{"embeddable":true,"href":"https:\/\/charter4you.pl\/voucher\/wp-json\/wp\/v2\/comments?post=268"}],"version-history":[{"count":3,"href":"https:\/\/charter4you.pl\/voucher\/wp-json\/wp\/v2\/pages\/268\/revisions"}],"predecessor-version":[{"id":279,"href":"https:\/\/charter4you.pl\/voucher\/wp-json\/wp\/v2\/pages\/268\/revisions\/279"}],"wp:attachment":[{"href":"https:\/\/charter4you.pl\/voucher\/wp-json\/wp\/v2\/media?parent=268"}],"curies":[{"name":"wp","href":"https:\/\/api.w.org\/{rel}","templated":true}]}}