{"id":258,"date":"2024-04-23T11:09:15","date_gmt":"2024-04-23T11:09:15","guid":{"rendered":"https:\/\/charter4you.pl\/voucher\/?page_id=258"},"modified":"2024-04-24T07:12:06","modified_gmt":"2024-04-24T07:12:06","slug":"rejs","status":"publish","type":"page","link":"https:\/\/charter4you.pl\/voucher\/rejs\/","title":{"rendered":"Rejs"},"content":{"rendered":"<div class=\"frm_forms  with_frm_style frm_style_formidable-style\" id=\"frm_form_2_container\" data-token=\"f9d1f62c5d1090a964f0056b28ea444c\">\n<form enctype=\"multipart\/form-data\" method=\"post\" class=\"frm-show-form  frm_pro_form \" id=\"form_6bw5q\"  data-token=\"f9d1f62c5d1090a964f0056b28ea444c\">\n<div class=\"frm_form_fields  frm_page_num_1\">\n<fieldset>\n<legend class=\"frm_screen_reader\">Rejs<\/legend>\r\n\r\n<div class=\"frm_fields_container\">\n<div class=\"frm_rootline_group\" role=\"group\" tabindex=\"0\" aria-label=\"Page 1 of 3\" ><ul class=\"frm_page_bar frm_rootline_3 frm_rootline frm_rootline_line  frm_show_lines frm_show_titles\"><li class=\"frm_rootline_single frm_current_page\"><input type=\"button\" value=\"1\" data-page=\"\" class=\" frm_page_1\" aria-disabled=\"true\" data-field=\"0\" aria-label=\"Wyb\u00f3r vouchera\"  \/><span class=\"frm_rootline_title\">Wyb\u00f3r vouchera<\/span><\/li><li class=\"frm_rootline_single\"><input type=\"button\" value=\"2\" data-page=\"38\" class=\"frm_page_skip frm_page_2\" data-field=\"27\" aria-label=\"Personalizacja\"  \/><span class=\"frm_rootline_title\">Personalizacja<\/span><\/li><li class=\"frm_rootline_single\"><input type=\"button\" value=\"3\" data-page=\"62\" class=\"frm_page_skip frm_page_3\" data-field=\"38\" aria-label=\"Zam\u00f3wienie\"  \/><span class=\"frm_rootline_title\">Zam\u00f3wienie<\/span><\/li><\/ul><div class=\"frm_clearfix\"><\/div><\/div><input type=\"hidden\" name=\"frm_action\" value=\"create\" \/>\n<input type=\"hidden\" name=\"form_id\" value=\"2\" \/>\n<input type=\"hidden\" name=\"frm_hide_fields_2\" id=\"frm_hide_fields_2\" value=\"\" \/>\n<input type=\"hidden\" name=\"form_key\" value=\"6bw5q\" \/>\n<input type=\"hidden\" name=\"item_meta[0]\" value=\"\" \/>\n<input type=\"hidden\" id=\"frm_submit_entry_2\" name=\"frm_submit_entry_2\" value=\"c6fdcba17a\" \/><input type=\"hidden\" name=\"_wp_http_referer\" value=\"\/voucher\/wp-json\/wp\/v2\/pages\/258\" \/><div id=\"frm_field_16_container\" class=\"frm_form_field  frm12 frm_first frm_html_container form-field\">\n<h1 style=\"text-align: center;\">Voucher na rejs<\/h1>\n<p style=\"text-align: center;\">Dostosuj opcje rejsu po Zatoce Gda\u0144skiej do swoich preferencji<\/p>\n<\/div>\n<div id=\"frm_field_18_container\" class=\"frm_form_field form-field  frm_required_field frm_top_container frm_four_col\">\r\n    <div  id=\"field_c7r3x_label\" class=\"frm_primary_label\">Wybierz czas trwania rejsu D\u0142u\u017cszy rejs >\r\n        <span class=\"frm_required\" aria-hidden=\"true\">*<\/span>\r\n    <\/div>\r\n    <div class=\"frm_opt_container\" aria-labelledby=\"field_c7r3x_label\" role=\"radiogroup\" aria-required=\"true\">\t\t<div class=\"frm_radio\" id=\"frm_radio_18-3\"><label for=\"field_c7r3x-3\">\t\t<input type=\"radio\" name=\"item_meta[18]\" id=\"field_c7r3x-3\" value=\"1h\"\n\t\tchecked=\"checked\"   data-frmval=\"1h\" data-reqmsg=\"Wybierz czas trwania rejsu D\u0142u\u017cszy rejs &gt; cannot be blank.\" data-invmsg=\"Wybierz czas trwania rejsu D\u0142u\u017cszy rejs &gt; is invalid\" aria-invalid=\"false\"  \/> 1h<\/label><\/div>\n\t\t<div class=\"frm_radio\" id=\"frm_radio_18-0\"><label for=\"field_c7r3x-0\">\t\t<input type=\"radio\" name=\"item_meta[18]\" id=\"field_c7r3x-0\" value=\"2,5h\"\n\t\t   data-frmval=\"1h\" data-reqmsg=\"Wybierz czas trwania rejsu D\u0142u\u017cszy rejs &gt; cannot be blank.\" data-invmsg=\"Wybierz czas trwania rejsu D\u0142u\u017cszy rejs &gt; is invalid\" aria-invalid=\"false\"  \/> 2,5h<\/label><\/div>\n\t\t<div class=\"frm_radio\" id=\"frm_radio_18-1\"><label for=\"field_c7r3x-1\">\t\t<input type=\"radio\" name=\"item_meta[18]\" id=\"field_c7r3x-1\" value=\"4h\"\n\t\t   data-frmval=\"1h\" data-reqmsg=\"Wybierz czas trwania rejsu D\u0142u\u017cszy rejs &gt; cannot be blank.\" data-invmsg=\"Wybierz czas trwania rejsu D\u0142u\u017cszy rejs &gt; is invalid\" aria-invalid=\"false\"  \/> 4h<\/label><\/div>\n\t\t<div class=\"frm_radio\" id=\"frm_radio_18-2\"><label for=\"field_c7r3x-2\">\t\t<input type=\"radio\" name=\"item_meta[18]\" id=\"field_c7r3x-2\" value=\"10h ca\u0142odzienny\"\n\t\t   data-frmval=\"1h\" data-reqmsg=\"Wybierz czas trwania rejsu D\u0142u\u017cszy rejs &gt; cannot be blank.\" data-invmsg=\"Wybierz czas trwania rejsu D\u0142u\u017cszy rejs &gt; is invalid\" aria-invalid=\"false\"  \/> 10h ca\u0142odzienny<\/label><\/div>\n<\/div>\r\n    \r\n    \r\n<\/div>\n<div id=\"frm_field_23_container\" class=\"frm_form_field form-field  frm_required_field frm_top_container\">\r\n    <label for=\"field_rbckn\" id=\"field_rbckn_label\" class=\"frm_primary_label\">Wybierz tras\u0119 rejsu\r\n        <span class=\"frm_required\" aria-hidden=\"true\">*<\/span>\r\n    <\/label>\r\n    \t\t<select name=\"item_meta[23]\" id=\"field_rbckn\"  data-placeholder=\"Wybierz tras\u0119 rejsu\"  data-frmval=\"Wybierz tras\u0119 rejsu\" data-frmplaceholder=\"Wybierz tras\u0119 rejsu\" placeholder=\"Wybierz tras\u0119 rejsu\" data-reqmsg=\"Wybierz tras\u0119 rejsu cannot be blank.\" aria-required=\"true\" data-invmsg=\"Wybierz tras\u0119 rejsu is invalid\" aria-invalid=\"false\"  >\n\t\t<option  class=\"frm-select-placeholder\" value=\"\" data-placeholder=\"true\">Wybierz tras\u0119 rejsu<\/option><option  value=\"80\">Gdynia &gt; Sopot<\/option><option  value=\"80\">Sopot - Gdynia<\/option>\t<\/select>\n\t\r\n    \r\n    \r\n<\/div>\n<div id=\"frm_field_151_container\" class=\"frm_form_field form-field  frm_required_field frm_top_container\">\r\n    <label for=\"field_wzisn\" id=\"field_wzisn_label\" class=\"frm_primary_label\">Wybierz tras\u0119 rejsu\r\n        <span class=\"frm_required\" aria-hidden=\"true\">*<\/span>\r\n    <\/label>\r\n    \t\t<select name=\"item_meta[151]\" id=\"field_wzisn\"  data-placeholder=\"Wybierz tras\u0119 rejsu\"  data-frmval=\"Wybierz tras\u0119 rejsu\" data-frmplaceholder=\"Wybierz tras\u0119 rejsu\" placeholder=\"Wybierz tras\u0119 rejsu\" data-reqmsg=\"Wybierz tras\u0119 rejsu cannot be blank.\" aria-required=\"true\" data-invmsg=\"Wybierz tras\u0119 rejsu is invalid\" aria-invalid=\"false\"  >\n\t\t<option  class=\"frm-select-placeholder\" value=\"\" data-placeholder=\"true\">Wybierz tras\u0119 rejsu<\/option><option  value=\"150\">Sopot  &gt; Gda\u0144sk Star\u00f3wka<\/option><option  value=\"150\">Gda\u0144sk Star\u00f3wka &gt; Sopot<\/option><option  value=\"160\">Rejs na wsch\u00f3d S\u0142o\u0144ca<\/option><option  value=\"150\">Rejs na zach\u00f3d S\u0142o\u0144ca<\/option><option  value=\"150\">Rejs nocny 2: Sopot &gt; Gda\u0144sk Star\u00f3wka<\/option><option  value=\"1200\">Rejs jachtem na wy\u0142\u0105czno\u015b\u0107 (do 12 os\u00f3b)<\/option>\t<\/select>\n\t\r\n    \r\n    \r\n<\/div>\n<div id=\"frm_field_152_container\" class=\"frm_form_field form-field  frm_required_field frm_top_container\">\r\n    <label for=\"field_jas0o\" id=\"field_jas0o_label\" class=\"frm_primary_label\">Wybierz tras\u0119 rejsu\r\n        <span class=\"frm_required\" aria-hidden=\"true\">*<\/span>\r\n    <\/label>\r\n    \t\t<select name=\"item_meta[152]\" id=\"field_jas0o\"  data-placeholder=\"Wybierz tras\u0119 rejsu\"  data-frmval=\"Wybierz tras\u0119 rejsu\" data-frmplaceholder=\"Wybierz tras\u0119 rejsu\" placeholder=\"Wybierz tras\u0119 rejsu\" data-reqmsg=\"Wybierz tras\u0119 rejsu cannot be blank.\" aria-required=\"true\" data-invmsg=\"Wybierz tras\u0119 rejsu is invalid\" aria-invalid=\"false\"  >\n\t\t<option  class=\"frm-select-placeholder\" value=\"\" data-placeholder=\"true\">Wybierz tras\u0119 rejsu<\/option><option  value=\"180\">Gdynia &gt; Gda\u0144sk Star\u00f3wka<\/option><option  value=\"180\">Gda\u0144sk Star\u00f3wka &gt; Gdynia<\/option><option  value=\"200\">Rejs nocny 1: Gdynia &gt; Sopot &gt; Gda\u0144sk Star\u00f3wka<\/option>\t<\/select>\n\t\r\n    \r\n    \r\n<\/div>\n<div id=\"frm_field_20_container\" class=\"frm_form_field form-field  frm_required_field frm_top_container\">\r\n    <label for=\"field_5p1b0\" id=\"field_5p1b0_label\" class=\"frm_primary_label\">Ilu doros\u0142ych?\r\n        <span class=\"frm_required\" aria-hidden=\"true\">*<\/span>\r\n    <\/label>\r\n    <div class=\"frm_input_group frm_with_boxes  frm_with_pre frm_with_post\"><span class=\"frm_inline_box\">+<\/span><input type=\"number\" id=\"field_5p1b0\" name=\"item_meta[20]\" value=\"1\"  data-frmval=\"1\" data-reqmsg=\"Ilu doros\u0142ych? cannot be blank.\" aria-required=\"true\" data-invmsg=\"Ilu doros\u0142ych? is invalid\" aria-invalid=\"false\"   min=\"1\" max=\"9999999\" step=\"1\"\/><span class=\"frm_inline_box\">-<\/span><\/div>\r\n    \r\n    \r\n<\/div>\n<div id=\"frm_field_177_container\" class=\"frm_form_field form-field  frm_required_field frm_top_container\">\r\n    <label for=\"field_1mlbj\" id=\"field_1mlbj_label\" class=\"frm_primary_label\">Ile dzieci poni\u017cej 10 lat?\r\n        <span class=\"frm_required\" aria-hidden=\"true\">*<\/span>\r\n    <\/label>\r\n    <div class=\"frm_input_group frm_with_boxes  frm_with_pre frm_with_post\"><span class=\"frm_inline_box\">+<\/span><input type=\"number\" id=\"field_1mlbj\" name=\"item_meta[177]\" value=\"0\"  data-frmval=\"0\" data-reqmsg=\"Ile dzieci poni\u017cej 10 lat? cannot be blank.\" aria-required=\"true\" data-invmsg=\"Ile dzieci poni\u017cej 10 lat? is invalid\" aria-invalid=\"false\"   min=\"0\" max=\"9999999\" step=\"1\"\/><span class=\"frm_inline_box\">-<\/span><\/div>\r\n    \r\n    \r\n<\/div>\n<div id=\"frm_field_179_container\" class=\"frm_form_field form-field  frm_required_field frm_top_container\">\r\n    <label for=\"field_y7mwh\" id=\"field_y7mwh_label\" class=\"frm_primary_label\">Ile dzieci w wieku 10-14 lat?\r\n        <span class=\"frm_required\" aria-hidden=\"true\">*<\/span>\r\n    <\/label>\r\n    <div class=\"frm_input_group frm_with_boxes  frm_with_pre frm_with_post\"><span class=\"frm_inline_box\">+<\/span><input type=\"number\" id=\"field_y7mwh\" name=\"item_meta[179]\" value=\"0\"  data-frmval=\"0\" data-reqmsg=\"Ile dzieci w wieku 10-14 lat? cannot be blank.\" aria-required=\"true\" data-invmsg=\"Ile dzieci w wieku 10-14 lat? is invalid\" aria-invalid=\"false\"   min=\"0\" max=\"9999999\" step=\"1\"\/><span class=\"frm_inline_box\">-<\/span><\/div>\r\n    \r\n    \r\n<\/div>\n<div id=\"frm_field_63_container\" class=\"frm_form_field  frm_html_container form-field\">\n<h2>Wybierz preferowany termin rejsu<\/h2>\n<p>Preferowany termin rejsu nie jest zobowi\u0105zuj\u0105cy, mo\u017cesz go p\u00f3\u017aniej zmieni\u0107 kontaktuj\u0105c si\u0119 z naszym zespo\u0142em.<\/p>\n<p style=\"color:green;\">Voucher na rejs wa\u017cny jest przez 2 lata od daty zakupu.\u2028Rejsy realizowane b\u0119d\u0105 od maja do wrze\u015bnia 2024 roku.<\/p>\n<\/div>\n<div id=\"frm_field_24_container\" class=\"frm_form_field form-field  frm_required_field frm_top_container\">\r\n    <label for=\"field_f7l0q\" id=\"field_f7l0q_label\" class=\"frm_primary_label\">Wybierz preferowany termin rejsu\r\n        <span class=\"frm_required\" aria-hidden=\"true\">*<\/span>\r\n    <\/label>\r\n    <input type=\"hidden\" name=\"item_meta[24]\" value=\"\" id=\"field_f7l0q_alt\"  maxlength=\"10\" data-reqmsg=\"Wybierz preferowany termin rejsu cannot be blank.\" aria-required=\"true\" data-invmsg=\"Wybierz preferowany termin rejsu is invalid\" aria-invalid=\"false\"   \/><div id=\"field_f7l0q\" class=\"frm_date_inline\"><\/div>\r\n    \r\n    \r\n<\/div>\n<div id=\"frm_field_25_container\" class=\"frm_form_field form-field  frm_required_field frm_top_container\">\r\n    <label for=\"field_nuno9\" id=\"field_nuno9_label\" class=\"frm_primary_label\">\r\n        <span class=\"frm_required\" aria-hidden=\"true\">*<\/span>\r\n    <\/label>\r\n    \t\t<select name=\"item_meta[25]\" id=\"field_nuno9\"  data-placeholder=\"Elastyczno\u015b\u0107 terminu rejsu\"  placeholder=\"Elastyczno\u015b\u0107 terminu rejsu\" data-reqmsg=\"This field cannot be blank.\" aria-required=\"true\" data-invmsg=\"This field is invalid\" aria-invalid=\"false\"  >\n\t\t<option  class=\"frm-select-placeholder\" value=\"\" data-placeholder=\"true\">Elastyczno\u015b\u0107 terminu rejsu<\/option><option  value=\"W dniu\">W dniu<\/option><option  value=\"Najbli\u017cszy dzie\u0144\">Najbli\u017cszy dzie\u0144<\/option><option  value=\"Najbli\u017cszy tydzie\u0144\">Najbli\u017cszy tydzie\u0144<\/option><option  value=\"Jeden tydzie\u0144 przed lub po\">Jeden tydzie\u0144 przed lub po<\/option><option  value=\"W danym miesi\u0119cu\">W danym miesi\u0119cu<\/option><option  value=\"Skontaktuj\u0119 si\u0119 by ustali\u0107\u00a0dok\u0142adny termin\">Skontaktuj\u0119 si\u0119 by ustali\u0107\u00a0dok\u0142adny termin<\/option>\t<\/select>\n\t\r\n    \r\n    \r\n<\/div>\n<div id=\"frm_field_220_container\" class=\"frm_form_field form-field  frm_top_container vertical_radio\">\r\n    <div  id=\"field_t8n2a_label\" class=\"frm_primary_label\">Dodatkowe opcje:\r\n        <span class=\"frm_required\" aria-hidden=\"true\"><\/span>\r\n    <\/div>\r\n    <div class=\"frm_opt_container\" aria-labelledby=\"field_t8n2a_label\" role=\"group\">\t\t<div class=\"frm_checkbox\" id=\"frm_checkbox_220-0\"><label for=\"field_t8n2a-0\"><input type=\"checkbox\" name=\"item_meta[220][]\" id=\"field_t8n2a-0\" value=\"Pakiet gastronomiczny: do uzgodnienia\"  data-invmsg=\"Dodatkowe opcje: is invalid\" aria-invalid=\"false\"   \/> Pakiet gastronomiczny: do uzgodnienia<\/label><\/div>\n\t\t<div class=\"frm_checkbox\" id=\"frm_checkbox_220-1\"><label for=\"field_t8n2a-1\"><input type=\"checkbox\" name=\"item_meta[220][]\" id=\"field_t8n2a-1\" value=\"Bukiet r\u00f3\u017c: do uzgodnienia\"  data-invmsg=\"Dodatkowe opcje: is invalid\" aria-invalid=\"false\"   \/> Bukiet r\u00f3\u017c: do uzgodnienia<\/label><\/div>\n<\/div>\r\n    \r\n    \r\n<\/div>\n<div id=\"frm_field_26_container\" class=\"frm_form_field form-field  frm_top_container vertical_radio\">\r\n    <div  id=\"field_mnrju_label\" class=\"frm_primary_label\">Cena zawiera:\r\n        <span class=\"frm_required\" aria-hidden=\"true\"><\/span>\r\n    <\/div>\r\n    <div class=\"frm_opt_container\" aria-labelledby=\"field_mnrju_label\" role=\"group\">\t\t<div class=\"frm_checkbox\" id=\"frm_checkbox_26-5\"><label for=\"field_mnrju-5\"><input type=\"checkbox\" name=\"item_meta[26][]\" id=\"field_mnrju-5\" value=\"Lampka wina: Prosecco w cenie\" checked=\"checked\"  data-frmval=\"{&quot;5&quot;:&quot;Lampka wina: Prosecco w cenie&quot;,&quot;6&quot;:&quot;Ubezpieczenie OC, Casco, NNW&quot;,&quot;7&quot;:&quot;Upominek&quot;}\" data-invmsg=\"Cena zawiera: is invalid\" aria-invalid=\"false\"   \/> Lampka wina: Prosecco w cenie<\/label><\/div>\n\t\t<div class=\"frm_checkbox\" id=\"frm_checkbox_26-6\"><label for=\"field_mnrju-6\"><input type=\"checkbox\" name=\"item_meta[26][]\" id=\"field_mnrju-6\" value=\"Ubezpieczenie OC, Casco, NNW\" checked=\"checked\"  data-frmval=\"{&quot;5&quot;:&quot;Lampka wina: Prosecco w cenie&quot;,&quot;6&quot;:&quot;Ubezpieczenie OC, Casco, NNW&quot;,&quot;7&quot;:&quot;Upominek&quot;}\" data-invmsg=\"Cena zawiera: is invalid\" aria-invalid=\"false\"   \/> Ubezpieczenie OC, Casco, NNW<\/label><\/div>\n\t\t<div class=\"frm_checkbox\" id=\"frm_checkbox_26-7\"><label for=\"field_mnrju-7\"><input type=\"checkbox\" name=\"item_meta[26][]\" id=\"field_mnrju-7\" value=\"Upominek\" checked=\"checked\"  data-frmval=\"{&quot;5&quot;:&quot;Lampka wina: Prosecco w cenie&quot;,&quot;6&quot;:&quot;Ubezpieczenie OC, Casco, NNW&quot;,&quot;7&quot;:&quot;Upominek&quot;}\" data-invmsg=\"Cena zawiera: is invalid\" aria-invalid=\"false\"   \/> Upominek<\/label><\/div>\n<\/div>\r\n    \r\n    \r\n<\/div>\n<div id=\"frm_field_149_container\" class=\"frm_form_field form-field  frm_top_container\">\r\n\t<label for=\"field_vc1yt\" id=\"field_vc1yt_label\" class=\"frm_primary_label\">Warto\u015b\u0107 vouchera\r\n\t\t<span class=\"frm_required\" aria-hidden=\"true\"><\/span>\r\n\t<\/label>\r\n\t<p class=\"frm_total_formatted\" data-prepend=\"\" data-append=\"\"><\/p><div class=\"frm_input_group frm_with_box frm_hidden\"><input type=\"number\" id=\"field_vc1yt\" name=\"item_meta[149]\" value=\"\"  readonly=\"readonly\"  data-invmsg=\"Warto\u015b\u0107 vouchera is invalid\" aria-invalid=\"false\"   min=\"0\" max=\"9999999\" step=\"any\"\/><\/div>\r\n\t\r\n\t\r\n<\/div>\n<div id=\"frm_field_180_container\" class=\"frm_form_field form-field  frm_top_container\">\r\n\t<label for=\"field_qv5xc\" id=\"field_qv5xc_label\" class=\"frm_primary_label\">Warto\u015b\u0107 vouchera\r\n\t\t<span class=\"frm_required\" aria-hidden=\"true\"><\/span>\r\n\t<\/label>\r\n\t<p class=\"frm_total_formatted\" data-prepend=\"\" data-append=\"\"><\/p><div class=\"frm_input_group frm_with_box frm_hidden\"><input type=\"number\" id=\"field_qv5xc\" name=\"item_meta[180]\" value=\"\"  readonly=\"readonly\"  data-invmsg=\"Warto\u015b\u0107 vouchera is invalid\" aria-invalid=\"false\"   min=\"0\" max=\"9999999\" step=\"any\"\/><\/div>\r\n\t\r\n\t\r\n<\/div>\n<div id=\"frm_field_181_container\" class=\"frm_form_field form-field  frm_top_container\">\r\n\t<label for=\"field_w2o8i\" id=\"field_w2o8i_label\" class=\"frm_primary_label\">Warto\u015b\u0107 vouchera\r\n\t\t<span class=\"frm_required\" aria-hidden=\"true\"><\/span>\r\n\t<\/label>\r\n\t<p class=\"frm_total_formatted\" data-prepend=\"\" data-append=\"\"><\/p><div class=\"frm_input_group frm_with_box frm_hidden\"><input type=\"number\" id=\"field_w2o8i\" name=\"item_meta[181]\" value=\"\"  readonly=\"readonly\"  data-invmsg=\"Warto\u015b\u0107 vouchera is invalid\" aria-invalid=\"false\"   min=\"0\" max=\"9999999\" step=\"any\"\/><\/div>\r\n\t\r\n\t\r\n<\/div>\n<div id=\"frm_field_182_container\" class=\"frm_form_field form-field  frm_top_container\">\r\n\t<label for=\"field_jfufw\" id=\"field_jfufw_label\" class=\"frm_primary_label\">Warto\u015b\u0107 vouchera\r\n\t\t<span class=\"frm_required\" aria-hidden=\"true\"><\/span>\r\n\t<\/label>\r\n\t<p class=\"frm_total_formatted\" data-prepend=\"\" data-append=\"\"><\/p><div class=\"frm_input_group frm_with_box frm_hidden\"><input type=\"number\" id=\"field_jfufw\" name=\"item_meta[182]\" value=\"\"  readonly=\"readonly\"  data-invmsg=\"Warto\u015b\u0107 vouchera is invalid\" aria-invalid=\"false\"   min=\"0\" max=\"9999999\" step=\"any\"\/><\/div>\r\n\t\r\n\t\r\n<\/div>\n<input type=\"hidden\" name=\"frm_page_order_2\" id=\"frm_page_order_2\" value=\"38\" \/><input type=\"hidden\" name=\"item_meta[141]\" id=\"field_2gteg-0\" value=\"\"     \/>\n<input type=\"hidden\" name=\"item_meta[30]\" id=\"field_gltoq-0\" value=\"\"     \/>\n<input type=\"hidden\" name=\"item_meta[35]\" id=\"field_irshm\" value=\"\"     \/>\n<input type=\"hidden\" name=\"item_meta[36]\" id=\"field_64kcq\" value=\"\"     \/>\n<input type=\"hidden\" name=\"item_meta[37]\" id=\"field_mmr0n\" value=\"\"     \/>\n<input type=\"hidden\" name=\"item_meta[183]\" id=\"field_u9x5l\" value=\"\"     \/>\n<input type=\"hidden\" name=\"item_meta[184]\" id=\"field_ajtew\" value=\"\"     \/>\n<input type=\"hidden\" name=\"item_meta[185]\" id=\"field_sm9jb\" value=\"\"     \/>\n<input type=\"hidden\" name=\"item_meta[186]\" id=\"field_bq4ny\" value=\"\"     \/>\n<input type=\"hidden\" name=\"item_meta[38]\" id=\"field_seuvt\" value=\"\"     \/>\n<input type=\"hidden\" name=\"item_meta[40]\" id=\"field_97yh8\" value=\"\"     \/>\n<input type=\"hidden\" name=\"item_meta[41]\" id=\"field_qxzxh\" value=\"\"     \/>\n<input type=\"hidden\" name=\"item_meta[42]\" id=\"field_l9j0k\" value=\"\"     \/>\n<input type=\"hidden\" name=\"item_meta[192]\" id=\"field_vu0e0\" value=\"\"     \/>\n<input type=\"hidden\" name=\"item_meta[44]\" id=\"field_ns6h0\" value=\"\"     \/>\n<input type=\"hidden\" name=\"item_meta[45]\" id=\"field_hxvi1\" value=\"\"     \/>\n<input type=\"hidden\" name=\"item_meta[46]\" id=\"field_oqgzi\" value=\"\"  data-placeholder=\"Wybierz Operatora\"     \/>\n<input type=\"hidden\" name=\"item_meta[47]\" id=\"field_uzcdq\" value=\"\"     \/>\n<input type=\"hidden\" name=\"item_meta[48]\" id=\"field_71c85\" value=\"\"     \/>\n<input type=\"hidden\" name=\"item_meta[49]\" id=\"field_pmskj\" value=\"\" autocomplete=\"email\"    \/>\n<input type=\"hidden\" name=\"item_meta[50]\" id=\"field_f7pfc\" value=\"\"     \/>\n<input type=\"hidden\" name=\"item_meta[53]\" id=\"field_71y0i-0\" value=\"\"     \/>\n<input type=\"hidden\" name=\"item_meta[54]\" id=\"field_4zmg3\" value=\"\"     \/>\n<input type=\"hidden\" name=\"item_meta[55]\" id=\"field_6pvze\" value=\"\"     \/>\n<input type=\"hidden\" name=\"item_meta[56]\" id=\"field_54440a\" value=\"\"     \/>\n<input type=\"hidden\" name=\"item_meta[57]\" id=\"field_su9k6\" value=\"\"     \/>\n<input type=\"hidden\" name=\"item_meta[59]\" id=\"field_ffm9a\" value=\"\"     \/>\n<input type=\"hidden\" name=\"item_meta[188]\" id=\"field_ehc8p\" value=\"\"     \/>\n<input type=\"hidden\" name=\"item_meta[189]\" id=\"field_9te4b\" value=\"\"     \/>\n<input type=\"hidden\" name=\"item_meta[190]\" id=\"field_wscxe\" value=\"\"     \/>\n<input type=\"hidden\" name=\"item_meta[191]\" id=\"field_cqc70\" value=\"\"     \/>\n<input type=\"hidden\" name=\"item_meta[140]\" id=\"field_nprkl\" value=\"\"     \/>\n\t<input type=\"hidden\" name=\"item_key\" value=\"\" \/>\n\t\t\t\t<div class=\"frm__65f942e7684da\">\n\t\t\t\t<label for=\"frm_email_2\" >\n\t\t\t\t\tIf you are human, leave this field blank.\t\t\t\t<\/label>\n\t\t\t\t<input  id=\"frm_email_2\" type=\"text\" class=\"frm_verify\" name=\"frm__65f942e7684da\" value=\"\" autocomplete=\"off\"  \/>\n\t\t\t<\/div>\n\t\t<input name=\"frm_state\" type=\"hidden\" value=\"hRF55dIX\/Fd372gFWSvWunbIqAE2EBrenbbxaySKVSs=\" \/><div class=\"frm_submit frm_flex\">\r\n<button class=\"frm_button_submit\" type=\"submit\"  >Nast\u0119pny krok: PERSONALIZACJA VOUCHERA<\/button>\r\n\r\n\r\n\r\n<\/div><\/div>\n<\/fieldset>\n<\/div>\n<\/form>\n<\/div>\n\n","protected":false},"excerpt":{"rendered":"","protected":false},"author":1,"featured_media":0,"parent":0,"menu_order":0,"comment_status":"closed","ping_status":"closed","template":"","meta":{"_acf_changed":false,"footnotes":""},"class_list":["post-258","page","type-page","status-publish","hentry"],"acf":[],"_links":{"self":[{"href":"https:\/\/charter4you.pl\/voucher\/wp-json\/wp\/v2\/pages\/258","targetHints":{"allow":["GET"]}}],"collection":[{"href":"https:\/\/charter4you.pl\/voucher\/wp-json\/wp\/v2\/pages"}],"about":[{"href":"https:\/\/charter4you.pl\/voucher\/wp-json\/wp\/v2\/types\/page"}],"author":[{"embeddable":true,"href":"https:\/\/charter4you.pl\/voucher\/wp-json\/wp\/v2\/users\/1"}],"replies":[{"embeddable":true,"href":"https:\/\/charter4you.pl\/voucher\/wp-json\/wp\/v2\/comments?post=258"}],"version-history":[{"count":3,"href":"https:\/\/charter4you.pl\/voucher\/wp-json\/wp\/v2\/pages\/258\/revisions"}],"predecessor-version":[{"id":271,"href":"https:\/\/charter4you.pl\/voucher\/wp-json\/wp\/v2\/pages\/258\/revisions\/271"}],"wp:attachment":[{"href":"https:\/\/charter4you.pl\/voucher\/wp-json\/wp\/v2\/media?parent=258"}],"curies":[{"name":"wp","href":"https:\/\/api.w.org\/{rel}","templated":true}]}}